{"id":3608,"date":"2020-10-28T09:28:52","date_gmt":"2020-10-28T09:28:52","guid":{"rendered":"https:\/\/www.clinicaarrabal.com\/?page_id=3608"},"modified":"2020-11-16T22:41:11","modified_gmt":"2020-11-16T22:41:11","slug":"acido-hialuronico","status":"publish","type":"page","link":"https:\/\/www.clinicaarrabal.com\/en\/tratamientos\/acido-hialuronico\/","title":{"rendered":"\u00c1CIDO HIALUR\u00d3NICO"},"content":{"rendered":"\t\t<div data-elementor-type=\"wp-page\" data-elementor-id=\"3608\" class=\"elementor elementor-3608\" data-elementor-post-type=\"page\">\n\t\t\t\t\t\t<section class=\"elementor-section elementor-top-section elementor-element elementor-element-47eaa4f elementor-section-height-min-height elementor-section-items-bottom elementor-section-boxed elementor-section-height-default\" data-id=\"47eaa4f\" data-element_type=\"section\" data-e-type=\"section\" data-settings=\"{&quot;background_background&quot;:&quot;slideshow&quot;,&quot;background_slideshow_gallery&quot;:[{&quot;id&quot;:3953,&quot;url&quot;:&quot;https:\\\/\\\/www.clinicaarrabal.com\\\/wp-content\\\/uploads\\\/2020\\\/11\\\/GDFSX.jpg&quot;},{&quot;id&quot;:3952,&quot;url&quot;:&quot;https:\\\/\\\/www.clinicaarrabal.com\\\/wp-content\\\/uploads\\\/2020\\\/11\\\/JHGFDXCVBGFC.jpg&quot;}],&quot;background_slideshow_loop&quot;:&quot;yes&quot;,&quot;background_slideshow_slide_duration&quot;:5000,&quot;background_slideshow_slide_transition&quot;:&quot;fade&quot;,&quot;background_slideshow_transition_duration&quot;:500}\">\n\t\t\t\t\t\t<div class=\"elementor-container elementor-column-gap-default\">\n\t\t\t\t\t<div class=\"elementor-column elementor-col-100 elementor-top-column elementor-element elementor-element-0f2f3ae\" data-id=\"0f2f3ae\" data-element_type=\"column\" data-e-type=\"column\">\n\t\t\t<div class=\"elementor-widget-wrap elementor-element-populated\">\n\t\t\t\t\t\t<div class=\"elementor-element elementor-element-efdcd54 elementor-widget elementor-widget-heading\" data-id=\"efdcd54\" data-element_type=\"widget\" data-e-type=\"widget\" data-widget_type=\"heading.default\">\n\t\t\t\t<div class=\"elementor-widget-container\">\n\t\t\t\t\t<h2 class=\"elementor-heading-title elementor-size-default\">\u00c1CIDO HIALUR\u00d3NICO<\/h2>\t\t\t\t<\/div>\n\t\t\t\t<\/div>\n\t\t\t\t\t<\/div>\n\t\t<\/div>\n\t\t\t\t\t<\/div>\n\t\t<\/section>\n\t\t\t\t<section class=\"elementor-section elementor-top-section elementor-element elementor-element-cbcf537 elementor-section-boxed elementor-section-height-default elementor-section-height-default\" data-id=\"cbcf537\" data-element_type=\"section\" data-e-type=\"section\">\n\t\t\t\t\t\t<div class=\"elementor-container elementor-column-gap-default\">\n\t\t\t\t\t<div class=\"elementor-column elementor-col-66 elementor-top-column elementor-element elementor-element-7c18331\" data-id=\"7c18331\" data-element_type=\"column\" data-e-type=\"column\">\n\t\t\t<div class=\"elementor-widget-wrap elementor-element-populated\">\n\t\t\t\t\t\t<div class=\"elementor-element elementor-element-1616654 elementor-widget elementor-widget-spacer\" data-id=\"1616654\" data-element_type=\"widget\" data-e-type=\"widget\" data-widget_type=\"spacer.default\">\n\t\t\t\t<div class=\"elementor-widget-container\">\n\t\t\t\t\t\t\t<div class=\"elementor-spacer\">\n\t\t\t<div class=\"elementor-spacer-inner\"><\/div>\n\t\t<\/div>\n\t\t\t\t\t\t<\/div>\n\t\t\t\t<\/div>\n\t\t\t\t<div class=\"elementor-element elementor-element-6bed340 elementor-widget elementor-widget-heading\" data-id=\"6bed340\" data-element_type=\"widget\" data-e-type=\"widget\" data-widget_type=\"heading.default\">\n\t\t\t\t<div class=\"elementor-widget-container\">\n\t\t\t\t\t<h2 class=\"elementor-heading-title elementor-size-default\">REJUVENECIMIENTO FACIAL CON PLASMA\n<\/h2>\t\t\t\t<\/div>\n\t\t\t\t<\/div>\n\t\t\t\t<section class=\"elementor-section elementor-inner-section elementor-element elementor-element-c899a96 elementor-section-boxed elementor-section-height-default elementor-section-height-default\" data-id=\"c899a96\" data-element_type=\"section\" data-e-type=\"section\">\n\t\t\t\t\t\t<div class=\"elementor-container elementor-column-gap-default\">\n\t\t\t\t\t<div class=\"elementor-column elementor-col-50 elementor-inner-column elementor-element elementor-element-a4c4500\" data-id=\"a4c4500\" data-element_type=\"column\" data-e-type=\"column\">\n\t\t\t<div class=\"elementor-widget-wrap elementor-element-populated\">\n\t\t\t\t\t\t<div class=\"elementor-element elementor-element-205ff83 elementor-widget elementor-widget-image\" data-id=\"205ff83\" data-element_type=\"widget\" data-e-type=\"widget\" data-widget_type=\"image.default\">\n\t\t\t\t<div class=\"elementor-widget-container\">\n\t\t\t\t\t\t\t\t\t\t\t\t\t\t\t<img fetchpriority=\"high\" decoding=\"async\" width=\"693\" height=\"1024\" src=\"https:\/\/www.clinicaarrabal.com\/wp-content\/uploads\/2020\/11\/RDAFGXZ-693x1024.jpg\" class=\"attachment-large size-large wp-image-3954\" alt=\"\" srcset=\"https:\/\/www.clinicaarrabal.com\/wp-content\/uploads\/2020\/11\/RDAFGXZ-693x1024.jpg 693w, https:\/\/www.clinicaarrabal.com\/wp-content\/uploads\/2020\/11\/RDAFGXZ-203x300.jpg 203w, https:\/\/www.clinicaarrabal.com\/wp-content\/uploads\/2020\/11\/RDAFGXZ-768x1134.jpg 768w, https:\/\/www.clinicaarrabal.com\/wp-content\/uploads\/2020\/11\/RDAFGXZ-1040x1536.jpg 1040w, https:\/\/www.clinicaarrabal.com\/wp-content\/uploads\/2020\/11\/RDAFGXZ-1387x2048.jpg 1387w, https:\/\/www.clinicaarrabal.com\/wp-content\/uploads\/2020\/11\/RDAFGXZ-8x12.jpg 8w, https:\/\/www.clinicaarrabal.com\/wp-content\/uploads\/2020\/11\/RDAFGXZ-scaled.jpg 1733w\" sizes=\"(max-width: 693px) 100vw, 693px\" \/>\t\t\t\t\t\t\t\t\t\t\t\t\t\t\t<\/div>\n\t\t\t\t<\/div>\n\t\t\t\t\t<\/div>\n\t\t<\/div>\n\t\t\t\t<div class=\"elementor-column elementor-col-50 elementor-inner-column elementor-element elementor-element-098c37e\" data-id=\"098c37e\" data-element_type=\"column\" data-e-type=\"column\">\n\t\t\t<div class=\"elementor-widget-wrap elementor-element-populated\">\n\t\t\t\t\t\t<div class=\"elementor-element elementor-element-3deaebb elementor-widget elementor-widget-spacer\" data-id=\"3deaebb\" data-element_type=\"widget\" data-e-type=\"widget\" data-widget_type=\"spacer.default\">\n\t\t\t\t<div class=\"elementor-widget-container\">\n\t\t\t\t\t\t\t<div class=\"elementor-spacer\">\n\t\t\t<div class=\"elementor-spacer-inner\"><\/div>\n\t\t<\/div>\n\t\t\t\t\t\t<\/div>\n\t\t\t\t<\/div>\n\t\t\t\t<div class=\"elementor-element elementor-element-822747d elementor-widget elementor-widget-text-editor\" data-id=\"822747d\" data-element_type=\"widget\" data-e-type=\"widget\" data-widget_type=\"text-editor.default\">\n\t\t\t\t<div class=\"elementor-widget-container\">\n\t\t\t\t\t\t\t\t\t<div class=\"template-page content  av-content-small alpha units\">\n<div class=\"post-entry post-entry-type-page post-entry-671\">\n<div class=\"entry-content-wrapper clearfix\">\n<section class=\"av_textblock_section \">\n<div class=\"avia_textblock  \">\n<div class=\"template-page content  av-content-small alpha units\">\n<div class=\"post-entry post-entry-type-page post-entry-1754\">\n<div class=\"entry-content-wrapper clearfix\">\n<section class=\"av_textblock_section \">\n<div class=\"avia_textblock  \">\n<p>El <strong>rejuvenecimiento facia<\/strong>l con Plasma Rico en Factores del Crecimiento (PRGF) es una <strong>innovadora t\u00e9cnica de regeneraci\u00f3n celular<\/strong>. Esta t\u00e9cnica permite aislar y utilizar los factores de crecimiento (prote\u00ednas) presentes en la sangre del propio paciente para potenciar, acelerar y estimular la regeneraci\u00f3n de los tejidos.\u00a0<\/p>\n<p>Con este tratamiento conseguimos una <strong>atenuaci\u00f3n de las arrugas<\/strong> y un aumento del grosor y tersura de la piel logrando un <strong>aspecto m\u00e1s j\u00f3ven<\/strong> y saludable<\/p>\n<\/div>\n<\/section>\n<\/div>\n<\/div>\n<\/div>\n<\/div>\n<\/section>\n<\/div>\n<\/div>\n<\/div>\t\t\t\t\t\t\t\t<\/div>\n\t\t\t\t<\/div>\n\t\t\t\t\t<\/div>\n\t\t<\/div>\n\t\t\t\t\t<\/div>\n\t\t<\/section>\n\t\t\t\t<div class=\"elementor-element elementor-element-c248bf0 elementor-widget elementor-widget-spacer\" data-id=\"c248bf0\" data-element_type=\"widget\" data-e-type=\"widget\" data-widget_type=\"spacer.default\">\n\t\t\t\t<div class=\"elementor-widget-container\">\n\t\t\t\t\t\t\t<div class=\"elementor-spacer\">\n\t\t\t<div class=\"elementor-spacer-inner\"><\/div>\n\t\t<\/div>\n\t\t\t\t\t\t<\/div>\n\t\t\t\t<\/div>\n\t\t\t\t<div class=\"elementor-element elementor-element-b59a46d elementor-widget elementor-widget-heading\" data-id=\"b59a46d\" data-element_type=\"widget\" data-e-type=\"widget\" data-widget_type=\"heading.default\">\n\t\t\t\t<div class=\"elementor-widget-container\">\n\t\t\t\t\t<h2 class=\"elementor-heading-title elementor-size-default\">RELLENO E HIGRATACI\u00d3N DE LABIOS<\/h2>\t\t\t\t<\/div>\n\t\t\t\t<\/div>\n\t\t\t\t<section class=\"elementor-section elementor-inner-section elementor-element elementor-element-5432c56 elementor-section-boxed elementor-section-height-default elementor-section-height-default\" data-id=\"5432c56\" data-element_type=\"section\" data-e-type=\"section\">\n\t\t\t\t\t\t<div class=\"elementor-container elementor-column-gap-default\">\n\t\t\t\t\t<div class=\"elementor-column elementor-col-50 elementor-inner-column elementor-element elementor-element-147f350\" data-id=\"147f350\" data-element_type=\"column\" data-e-type=\"column\">\n\t\t\t<div class=\"elementor-widget-wrap elementor-element-populated\">\n\t\t\t\t\t\t<div class=\"elementor-element elementor-element-2781a44 elementor-widget elementor-widget-spacer\" data-id=\"2781a44\" data-element_type=\"widget\" data-e-type=\"widget\" data-widget_type=\"spacer.default\">\n\t\t\t\t<div class=\"elementor-widget-container\">\n\t\t\t\t\t\t\t<div class=\"elementor-spacer\">\n\t\t\t<div class=\"elementor-spacer-inner\"><\/div>\n\t\t<\/div>\n\t\t\t\t\t\t<\/div>\n\t\t\t\t<\/div>\n\t\t\t\t<div class=\"elementor-element elementor-element-4c1d9ae elementor-widget elementor-widget-text-editor\" data-id=\"4c1d9ae\" data-element_type=\"widget\" data-e-type=\"widget\" data-widget_type=\"text-editor.default\">\n\t\t\t\t<div class=\"elementor-widget-container\">\n\t\t\t\t\t\t\t\t\t<div class=\"template-page content  av-content-small alpha units\">\n<div class=\"post-entry post-entry-type-page post-entry-671\">\n<div class=\"entry-content-wrapper clearfix\">\n<section class=\"av_textblock_section \">\n<div class=\"avia_textblock  \">\n<p class=\"big\">El \u00c1cido Hialur\u00f3nico es una <strong>t\u00e9cnica minimamente invasiva<\/strong>. Se inyecta en los labios para aumentar su grosor, destacar el perfilado y elevar las comisuras.<\/p>\n<p>Algo que muy pocos saben, es que <strong>esta t\u00e9cnica sirve tambi\u00e9n para hidratar los labios<\/strong>\u00a0 y que resulta muy \u00faltil para quienes tienen habitualmente los labios secos y deshidratados<\/p>\n<\/div>\n<\/section>\n<\/div>\n<\/div>\n<\/div>\t\t\t\t\t\t\t\t<\/div>\n\t\t\t\t<\/div>\n\t\t\t\t\t<\/div>\n\t\t<\/div>\n\t\t\t\t<div class=\"elementor-column elementor-col-50 elementor-inner-column elementor-element elementor-element-47924eb\" data-id=\"47924eb\" data-element_type=\"column\" data-e-type=\"column\">\n\t\t\t<div class=\"elementor-widget-wrap elementor-element-populated\">\n\t\t\t\t\t\t<div class=\"elementor-element elementor-element-7846e26 elementor-widget elementor-widget-spacer\" data-id=\"7846e26\" data-element_type=\"widget\" data-e-type=\"widget\" data-widget_type=\"spacer.default\">\n\t\t\t\t<div class=\"elementor-widget-container\">\n\t\t\t\t\t\t\t<div class=\"elementor-spacer\">\n\t\t\t<div class=\"elementor-spacer-inner\"><\/div>\n\t\t<\/div>\n\t\t\t\t\t\t<\/div>\n\t\t\t\t<\/div>\n\t\t\t\t<div class=\"elementor-element elementor-element-0b237c9 elementor-widget elementor-widget-image\" data-id=\"0b237c9\" data-element_type=\"widget\" data-e-type=\"widget\" data-widget_type=\"image.default\">\n\t\t\t\t<div class=\"elementor-widget-container\">\n\t\t\t\t\t\t\t\t\t\t\t\t\t\t\t<img decoding=\"async\" width=\"1020\" height=\"681\" src=\"https:\/\/www.clinicaarrabal.com\/wp-content\/uploads\/2020\/11\/ERFGGFGFFF-1024x684.jpg\" class=\"attachment-large size-large wp-image-3957\" alt=\"\" srcset=\"https:\/\/www.clinicaarrabal.com\/wp-content\/uploads\/2020\/11\/ERFGGFGFFF-1024x684.jpg 1024w, https:\/\/www.clinicaarrabal.com\/wp-content\/uploads\/2020\/11\/ERFGGFGFFF-300x200.jpg 300w, https:\/\/www.clinicaarrabal.com\/wp-content\/uploads\/2020\/11\/ERFGGFGFFF-768x513.jpg 768w, https:\/\/www.clinicaarrabal.com\/wp-content\/uploads\/2020\/11\/ERFGGFGFFF-1536x1025.jpg 1536w, https:\/\/www.clinicaarrabal.com\/wp-content\/uploads\/2020\/11\/ERFGGFGFFF-2048x1367.jpg 2048w, https:\/\/www.clinicaarrabal.com\/wp-content\/uploads\/2020\/11\/ERFGGFGFFF-16x12.jpg 16w\" sizes=\"(max-width: 1020px) 100vw, 1020px\" \/>\t\t\t\t\t\t\t\t\t\t\t\t\t\t\t<\/div>\n\t\t\t\t<\/div>\n\t\t\t\t\t<\/div>\n\t\t<\/div>\n\t\t\t\t\t<\/div>\n\t\t<\/section>\n\t\t\t\t<section class=\"elementor-section elementor-inner-section elementor-element elementor-element-ed06a52 elementor-section-boxed elementor-section-height-default elementor-section-height-default\" data-id=\"ed06a52\" data-element_type=\"section\" data-e-type=\"section\">\n\t\t\t\t\t\t<div class=\"elementor-container elementor-column-gap-default\">\n\t\t\t\t\t<div class=\"elementor-column elementor-col-100 elementor-inner-column elementor-element elementor-element-de0ac2d\" data-id=\"de0ac2d\" data-element_type=\"column\" data-e-type=\"column\">\n\t\t\t<div class=\"elementor-widget-wrap elementor-element-populated\">\n\t\t\t\t\t\t<div class=\"elementor-element elementor-element-11a2508 elementor-widget elementor-widget-text-editor\" data-id=\"11a2508\" data-element_type=\"widget\" data-e-type=\"widget\" data-widget_type=\"text-editor.default\">\n\t\t\t\t<div class=\"elementor-widget-container\">\n\t\t\t\t\t\t\t\t\t<p>El \u00c1cido Hialur\u00f3nico es un tratamiento cada vez m\u00e1s popular ya que los efectos son inmediatos.\u00a0<\/p>\n<p>Algo muy importante a tener en cuenta es que el \u00e1cido hialur\u00f3nico es una sustancia absorbible por el organismo, por lo que, poco a poco los efectos van disminuyendo. Suelen durar entre 6 meses y 1 a\u00f1o.\u00a0<\/p>\n<p><strong>El tratamiento es muy r\u00e1pido y no es doloroso.<\/strong><\/p>\t\t\t\t\t\t\t\t<\/div>\n\t\t\t\t<\/div>\n\t\t\t\t\t<\/div>\n\t\t<\/div>\n\t\t\t\t\t<\/div>\n\t\t<\/section>\n\t\t\t\t\t<\/div>\n\t\t<\/div>\n\t\t\t\t<div class=\"elementor-column elementor-col-33 elementor-top-column elementor-element elementor-element-9c5c349\" data-id=\"9c5c349\" data-element_type=\"column\" data-e-type=\"column\">\n\t\t\t<div class=\"elementor-widget-wrap elementor-element-populated\">\n\t\t\t\t\t\t<div class=\"elementor-element elementor-element-fa74b86 elementor-widget elementor-widget-spacer\" data-id=\"fa74b86\" data-element_type=\"widget\" data-e-type=\"widget\" data-widget_type=\"spacer.default\">\n\t\t\t\t<div class=\"elementor-widget-container\">\n\t\t\t\t\t\t\t<div class=\"elementor-spacer\">\n\t\t\t<div class=\"elementor-spacer-inner\"><\/div>\n\t\t<\/div>\n\t\t\t\t\t\t<\/div>\n\t\t\t\t<\/div>\n\t\t\t\t<div class=\"elementor-element elementor-element-93e65de elementor-widget elementor-widget-heading\" data-id=\"93e65de\" data-element_type=\"widget\" data-e-type=\"widget\" data-widget_type=\"heading.default\">\n\t\t\t\t<div class=\"elementor-widget-container\">\n\t\t\t\t\t<h2 class=\"elementor-heading-title elementor-size-default\">TRATAMIENTOS<\/h2>\t\t\t\t<\/div>\n\t\t\t\t<\/div>\n\t\t\t\t<div class=\"elementor-element elementor-element-3c1e58a elementor-icon-list--layout-traditional elementor-list-item-link-full_width elementor-widget elementor-widget-icon-list\" data-id=\"3c1e58a\" data-element_type=\"widget\" data-e-type=\"widget\" data-widget_type=\"icon-list.default\">\n\t\t\t\t<div class=\"elementor-widget-container\">\n\t\t\t\t\t\t\t<ul class=\"elementor-icon-list-items\">\n\t\t\t\t\t\t\t<li class=\"elementor-icon-list-item\">\n\t\t\t\t\t\t\t\t\t\t\t<a href=\"\/tratamientos\/implantes\/\">\n\n\t\t\t\t\t\t\t\t\t\t\t\t<span class=\"elementor-icon-list-icon\">\n\t\t\t\t\t\t\t<i aria-hidden=\"true\" class=\"fas fa-circle\"><\/i>\t\t\t\t\t\t<\/span>\n\t\t\t\t\t\t\t\t\t\t<span class=\"elementor-icon-list-text\">IMPLANTES<\/span>\n\t\t\t\t\t\t\t\t\t\t\t<\/a>\n\t\t\t\t\t\t\t\t\t<\/li>\n\t\t\t\t\t\t\t\t<li class=\"elementor-icon-list-item\">\n\t\t\t\t\t\t\t\t\t\t\t<a href=\"\/tratamientos\/ortodoncia-estetica\/\">\n\n\t\t\t\t\t\t\t\t\t\t\t\t<span class=\"elementor-icon-list-icon\">\n\t\t\t\t\t\t\t<i aria-hidden=\"true\" class=\"fas fa-circle\"><\/i>\t\t\t\t\t\t<\/span>\n\t\t\t\t\t\t\t\t\t\t<span class=\"elementor-icon-list-text\">INVISALING<\/span>\n\t\t\t\t\t\t\t\t\t\t\t<\/a>\n\t\t\t\t\t\t\t\t\t<\/li>\n\t\t\t\t\t\t\t\t<li class=\"elementor-icon-list-item\">\n\t\t\t\t\t\t\t\t\t\t\t<a href=\"\/tratamientos\/ortodoncia\/\">\n\n\t\t\t\t\t\t\t\t\t\t\t\t<span class=\"elementor-icon-list-icon\">\n\t\t\t\t\t\t\t<i aria-hidden=\"true\" class=\"fas fa-circle\"><\/i>\t\t\t\t\t\t<\/span>\n\t\t\t\t\t\t\t\t\t\t<span class=\"elementor-icon-list-text\">ORTODONCIA<\/span>\n\t\t\t\t\t\t\t\t\t\t\t<\/a>\n\t\t\t\t\t\t\t\t\t<\/li>\n\t\t\t\t\t\t\t\t<li class=\"elementor-icon-list-item\">\n\t\t\t\t\t\t\t\t\t\t\t<a href=\"\/tratamientos\/periodoncia\/\">\n\n\t\t\t\t\t\t\t\t\t\t\t\t<span class=\"elementor-icon-list-icon\">\n\t\t\t\t\t\t\t<i aria-hidden=\"true\" class=\"fas fa-circle\"><\/i>\t\t\t\t\t\t<\/span>\n\t\t\t\t\t\t\t\t\t\t<span class=\"elementor-icon-list-text\">PERIODONCIA<\/span>\n\t\t\t\t\t\t\t\t\t\t\t<\/a>\n\t\t\t\t\t\t\t\t\t<\/li>\n\t\t\t\t\t\t\t\t<li class=\"elementor-icon-list-item\">\n\t\t\t\t\t\t\t\t\t\t\t<a href=\"\/tratamientos\/cirugia-bucal\/\">\n\n\t\t\t\t\t\t\t\t\t\t\t\t<span class=\"elementor-icon-list-icon\">\n\t\t\t\t\t\t\t<i aria-hidden=\"true\" class=\"fas fa-circle\"><\/i>\t\t\t\t\t\t<\/span>\n\t\t\t\t\t\t\t\t\t\t<span class=\"elementor-icon-list-text\">CIRUG\u00cdA BUCAL<\/span>\n\t\t\t\t\t\t\t\t\t\t\t<\/a>\n\t\t\t\t\t\t\t\t\t<\/li>\n\t\t\t\t\t\t\t\t<li class=\"elementor-icon-list-item\">\n\t\t\t\t\t\t\t\t\t\t\t<a href=\"\/tratamientos\/revisiones\/\">\n\n\t\t\t\t\t\t\t\t\t\t\t\t<span class=\"elementor-icon-list-icon\">\n\t\t\t\t\t\t\t<i aria-hidden=\"true\" class=\"fas fa-circle\"><\/i>\t\t\t\t\t\t<\/span>\n\t\t\t\t\t\t\t\t\t\t<span class=\"elementor-icon-list-text\">REVISIONES<\/span>\n\t\t\t\t\t\t\t\t\t\t\t<\/a>\n\t\t\t\t\t\t\t\t\t<\/li>\n\t\t\t\t\t\t\t\t<li class=\"elementor-icon-list-item\">\n\t\t\t\t\t\t\t\t\t\t\t<a href=\"\/tratamientos\/cirugia-infantil\/\">\n\n\t\t\t\t\t\t\t\t\t\t\t\t<span class=\"elementor-icon-list-icon\">\n\t\t\t\t\t\t\t<i aria-hidden=\"true\" class=\"fas fa-circle\"><\/i>\t\t\t\t\t\t<\/span>\n\t\t\t\t\t\t\t\t\t\t<span class=\"elementor-icon-list-text\">CIRUG\u00cdA INFANTIL<\/span>\n\t\t\t\t\t\t\t\t\t\t\t<\/a>\n\t\t\t\t\t\t\t\t\t<\/li>\n\t\t\t\t\t\t\t\t<li class=\"elementor-icon-list-item\">\n\t\t\t\t\t\t\t\t\t\t\t<a href=\"\/tratamientos\/blanqueamientos\/\">\n\n\t\t\t\t\t\t\t\t\t\t\t\t<span class=\"elementor-icon-list-icon\">\n\t\t\t\t\t\t\t<i aria-hidden=\"true\" class=\"fas fa-circle\"><\/i>\t\t\t\t\t\t<\/span>\n\t\t\t\t\t\t\t\t\t\t<span class=\"elementor-icon-list-text\">BLANQUEAMIENTOS<\/span>\n\t\t\t\t\t\t\t\t\t\t\t<\/a>\n\t\t\t\t\t\t\t\t\t<\/li>\n\t\t\t\t\t\t\t\t<li class=\"elementor-icon-list-item\">\n\t\t\t\t\t\t\t\t\t\t\t<a href=\"\/tratamientos\/carillas-de-porcelana\/\">\n\n\t\t\t\t\t\t\t\t\t\t\t\t<span class=\"elementor-icon-list-icon\">\n\t\t\t\t\t\t\t<i aria-hidden=\"true\" class=\"fas fa-circle\"><\/i>\t\t\t\t\t\t<\/span>\n\t\t\t\t\t\t\t\t\t\t<span class=\"elementor-icon-list-text\">CARILLAS DE PORCELANA<\/span>\n\t\t\t\t\t\t\t\t\t\t\t<\/a>\n\t\t\t\t\t\t\t\t\t<\/li>\n\t\t\t\t\t\t\t\t<li class=\"elementor-icon-list-item\">\n\t\t\t\t\t\t\t\t\t\t\t<a href=\"\/tratamientos\/higiene-dental\/\">\n\n\t\t\t\t\t\t\t\t\t\t\t\t<span class=\"elementor-icon-list-icon\">\n\t\t\t\t\t\t\t<i aria-hidden=\"true\" class=\"fas fa-circle\"><\/i>\t\t\t\t\t\t<\/span>\n\t\t\t\t\t\t\t\t\t\t<span class=\"elementor-icon-list-text\">HIGIENE DENTAL<\/span>\n\t\t\t\t\t\t\t\t\t\t\t<\/a>\n\t\t\t\t\t\t\t\t\t<\/li>\n\t\t\t\t\t\t\t\t<li class=\"elementor-icon-list-item\">\n\t\t\t\t\t\t\t\t\t\t\t<a href=\"\/tratamientos\/acido-hialuronico\/\">\n\n\t\t\t\t\t\t\t\t\t\t\t\t<span class=\"elementor-icon-list-icon\">\n\t\t\t\t\t\t\t<i aria-hidden=\"true\" class=\"fas fa-circle\"><\/i>\t\t\t\t\t\t<\/span>\n\t\t\t\t\t\t\t\t\t\t<span class=\"elementor-icon-list-text\">\u00c1CIDO HIALUR\u00d3NICO<\/span>\n\t\t\t\t\t\t\t\t\t\t\t<\/a>\n\t\t\t\t\t\t\t\t\t<\/li>\n\t\t\t\t\t\t<\/ul>\n\t\t\t\t\t\t<\/div>\n\t\t\t\t<\/div>\n\t\t\t\t<div class=\"elementor-element elementor-element-f07b5eb elementor-widget elementor-widget-sidebar\" data-id=\"f07b5eb\" data-element_type=\"widget\" data-e-type=\"widget\" data-widget_type=\"sidebar.default\">\n\t\t\t\t<div class=\"elementor-widget-container\">\n\t\t\t\t\t\t\t<div id=\"flatsome_recent_posts-7\" class=\"col pb-0 widget flatsome_recent_posts\">\t\t<span class=\"widget-title\">\u00daltimas entradas en nuestro blog<\/span><div class=\"is-divider small\"><\/div>\t\t<ul>\t\t\n\t\t\n\t\t<li class=\"recent-blog-posts-li\">\n\t\t\t<div class=\"flex-row recent-blog-posts align-top pt-half pb-half\">\n\t\t\t\t<div class=\"flex-col mr-half\">\n\t\t\t\t\t<div class=\"badge post-date  badge-outline\">\n\t\t\t\t\t\t\t<div class=\"badge-inner bg-fill\" style=\"background: linear-gradient( rgba(0, 0, 0, 0.5), rgba(0, 0, 0, 0.2) ), url(https:\/\/www.clinicaarrabal.com\/wp-content\/uploads\/2021\/04\/f-150x150.jpg); color:#fff; text-shadow:1px 1px 0px rgba(0,0,0,.5); border:0;\">\n                                \t\t\t\t\t\t\t\t<span class=\"post-date-day\">12<\/span><br>\n\t\t\t\t\t\t\t\t<span class=\"post-date-month is-xsmall\">Apr<\/span>\n                                \t\t\t\t\t\t\t<\/div>\n\t\t\t\t\t<\/div>\n\t\t\t\t<\/div>\n\t\t\t\t<div class=\"flex-col flex-grow\">\n\t\t\t\t\t  <a href=\"https:\/\/www.clinicaarrabal.com\/en\/2021\/04\/que-es-el-bruxismo-y-como-corregirlo\/\" title=\"\u00bfQu\u00e9 es el bruxismo y c\u00f3mo corregirlo?\">\u00bfQu\u00e9 es el bruxismo y c\u00f3mo corregirlo?<\/a>\n\t\t\t\t   \t  <span class=\"post_comments op-7 block is-xsmall\"><a href=\"https:\/\/www.clinicaarrabal.com\/en\/2021\/04\/que-es-el-bruxismo-y-como-corregirlo\/#respond\"><\/a><\/span>\n\t\t\t\t<\/div>\n\t\t\t<\/div>\n\t\t<\/li>\n\t\t\n\t\t\n\t\t<li class=\"recent-blog-posts-li\">\n\t\t\t<div class=\"flex-row recent-blog-posts align-top pt-half pb-half\">\n\t\t\t\t<div class=\"flex-col mr-half\">\n\t\t\t\t\t<div class=\"badge post-date  badge-outline\">\n\t\t\t\t\t\t\t<div class=\"badge-inner bg-fill\" style=\"background: linear-gradient( rgba(0, 0, 0, 0.5), rgba(0, 0, 0, 0.2) ), url(https:\/\/www.clinicaarrabal.com\/wp-content\/uploads\/2021\/01\/JHGB-150x150.jpg); color:#fff; text-shadow:1px 1px 0px rgba(0,0,0,.5); border:0;\">\n                                \t\t\t\t\t\t\t\t<span class=\"post-date-day\">20<\/span><br>\n\t\t\t\t\t\t\t\t<span class=\"post-date-month is-xsmall\">Jan<\/span>\n                                \t\t\t\t\t\t\t<\/div>\n\t\t\t\t\t<\/div>\n\t\t\t\t<\/div>\n\t\t\t\t<div class=\"flex-col flex-grow\">\n\t\t\t\t\t  <a href=\"https:\/\/www.clinicaarrabal.com\/en\/2021\/01\/lo-que-necesitas-saber-sobre-empastes-dentales-para-tratar-la-caries\/\" title=\"Lo que necesitas saber sobre empastes dentales para tratar la caries\">Lo que necesitas saber sobre empastes dentales para tratar la caries<\/a>\n\t\t\t\t   \t  <span class=\"post_comments op-7 block is-xsmall\"><a href=\"https:\/\/www.clinicaarrabal.com\/en\/2021\/01\/lo-que-necesitas-saber-sobre-empastes-dentales-para-tratar-la-caries\/#respond\"><\/a><\/span>\n\t\t\t\t<\/div>\n\t\t\t<\/div>\n\t\t<\/li>\n\t\t\n\t\t\n\t\t<li class=\"recent-blog-posts-li\">\n\t\t\t<div class=\"flex-row recent-blog-posts align-top pt-half pb-half\">\n\t\t\t\t<div class=\"flex-col mr-half\">\n\t\t\t\t\t<div class=\"badge post-date  badge-outline\">\n\t\t\t\t\t\t\t<div class=\"badge-inner bg-fill\" style=\"background: linear-gradient( rgba(0, 0, 0, 0.5), rgba(0, 0, 0, 0.2) ), url(https:\/\/www.clinicaarrabal.com\/wp-content\/uploads\/2020\/10\/edfascx-150x150.jpg); color:#fff; text-shadow:1px 1px 0px rgba(0,0,0,.5); border:0;\">\n                                \t\t\t\t\t\t\t\t<span class=\"post-date-day\">29<\/span><br>\n\t\t\t\t\t\t\t\t<span class=\"post-date-month is-xsmall\">Oct<\/span>\n                                \t\t\t\t\t\t\t<\/div>\n\t\t\t\t\t<\/div>\n\t\t\t\t<\/div>\n\t\t\t\t<div class=\"flex-col flex-grow\">\n\t\t\t\t\t  <a href=\"https:\/\/www.clinicaarrabal.com\/en\/2020\/10\/como-cuidar-la-salud-bucodental-de-tus-hijos\/\" title=\"C\u00f3mo cuidar la salud bucodental de tus hijos\">C\u00f3mo cuidar la salud bucodental de tus hijos<\/a>\n\t\t\t\t   \t  <span class=\"post_comments op-7 block is-xsmall\"><a href=\"https:\/\/www.clinicaarrabal.com\/en\/2020\/10\/como-cuidar-la-salud-bucodental-de-tus-hijos\/#respond\"><\/a><\/span>\n\t\t\t\t<\/div>\n\t\t\t<\/div>\n\t\t<\/li>\n\t\t\t\t<\/ul>\t\t<\/div>\t\t\t\t<\/div>\n\t\t\t\t<\/div>\n\t\t\t\t\t<\/div>\n\t\t<\/div>\n\t\t\t\t\t<\/div>\n\t\t<\/section>\n\t\t\t\t<\/div>\n\t\t","protected":false},"excerpt":{"rendered":"<p>\u00c1CIDO HIALUR\u00d3NICO REJUVENECIMIENTO FACIAL CON PLASMA El rejuvenecimiento facial con Plasma Rico en Factores del Crecimiento (PRGF) es una innovadora t\u00e9cnica de regeneraci\u00f3n celular. Esta t\u00e9cnica permite aislar y utilizar los factores de crecimiento (prote\u00ednas) presentes en la sangre del propio paciente para potenciar, acelerar y estimular la regeneraci\u00f3n de los tejidos.\u00a0 Con este tratamiento&#8230;<\/p>","protected":false},"author":2,"featured_media":3303,"parent":3582,"menu_order":0,"comment_status":"closed","ping_status":"closed","template":"","meta":{"_joinchat":[],"footnotes":""},"class_list":["post-3608","page","type-page","status-publish","has-post-thumbnail","hentry"],"_links":{"self":[{"href":"https:\/\/www.clinicaarrabal.com\/en\/wp-json\/wp\/v2\/pages\/3608","targetHints":{"allow":["GET"]}}],"collection":[{"href":"https:\/\/www.clinicaarrabal.com\/en\/wp-json\/wp\/v2\/pages"}],"about":[{"href":"https:\/\/www.clinicaarrabal.com\/en\/wp-json\/wp\/v2\/types\/page"}],"author":[{"embeddable":true,"href":"https:\/\/www.clinicaarrabal.com\/en\/wp-json\/wp\/v2\/users\/2"}],"replies":[{"embeddable":true,"href":"https:\/\/www.clinicaarrabal.com\/en\/wp-json\/wp\/v2\/comments?post=3608"}],"version-history":[{"count":4,"href":"https:\/\/www.clinicaarrabal.com\/en\/wp-json\/wp\/v2\/pages\/3608\/revisions"}],"predecessor-version":[{"id":3958,"href":"https:\/\/www.clinicaarrabal.com\/en\/wp-json\/wp\/v2\/pages\/3608\/revisions\/3958"}],"up":[{"embeddable":true,"href":"https:\/\/www.clinicaarrabal.com\/en\/wp-json\/wp\/v2\/pages\/3582"}],"wp:featuredmedia":[{"embeddable":true,"href":"https:\/\/www.clinicaarrabal.com\/en\/wp-json\/wp\/v2\/media\/3303"}],"wp:attachment":[{"href":"https:\/\/www.clinicaarrabal.com\/en\/wp-json\/wp\/v2\/media?parent=3608"}],"curies":[{"name":"wp","href":"https:\/\/api.w.org\/{rel}","templated":true}]}}