{"id":3612,"date":"2020-10-28T09:30:36","date_gmt":"2020-10-28T09:30:36","guid":{"rendered":"https:\/\/www.clinicaarrabal.com\/?page_id=3612"},"modified":"2020-11-16T22:47:04","modified_gmt":"2020-11-16T22:47:04","slug":"clinicas","status":"publish","type":"page","link":"https:\/\/www.clinicaarrabal.com\/en\/clinicas\/","title":{"rendered":"CL\u00cdNICAS"},"content":{"rendered":"\t\t<div data-elementor-type=\"wp-page\" data-elementor-id=\"3612\" class=\"elementor elementor-3612\" data-elementor-post-type=\"page\">\n\t\t\t\t\t\t<section class=\"elementor-section elementor-top-section elementor-element elementor-element-5e519198 elementor-section-boxed elementor-section-height-default elementor-section-height-default\" data-id=\"5e519198\" data-element_type=\"section\" data-e-type=\"section\">\n\t\t\t\t\t\t<div class=\"elementor-container elementor-column-gap-default\">\n\t\t\t\t\t<div class=\"elementor-column elementor-col-100 elementor-top-column elementor-element elementor-element-7c86cc79\" data-id=\"7c86cc79\" data-element_type=\"column\" data-e-type=\"column\">\n\t\t\t<div class=\"elementor-widget-wrap elementor-element-populated\">\n\t\t\t\t\t\t<div class=\"elementor-element elementor-element-6abfe90 elementor-widget elementor-widget-text-editor\" data-id=\"6abfe90\" data-element_type=\"widget\" data-e-type=\"widget\" data-widget_type=\"text-editor.default\">\n\t\t\t\t<div class=\"elementor-widget-container\">\n\t\t\t\t\t\t\t\t\t\t\t\t\t\t\t\t\t<\/div>\n\t\t\t\t<\/div>\n\t\t\t\t\t<\/div>\n\t\t<\/div>\n\t\t\t\t\t<\/div>\n\t\t<\/section>\n\t\t\t\t<section class=\"elementor-section elementor-top-section elementor-element elementor-element-a3bb044 elementor-section-height-min-height elementor-section-full_width elementor-section-height-default elementor-section-items-middle\" data-id=\"a3bb044\" data-element_type=\"section\" data-e-type=\"section\" data-settings=\"{&quot;background_background&quot;:&quot;slideshow&quot;,&quot;background_slideshow_gallery&quot;:[{&quot;id&quot;:3157,&quot;url&quot;:&quot;https:\\\/\\\/www.clinicaarrabal.com\\\/wp-content\\\/uploads\\\/2018\\\/07\\\/slide_recepcion.jpg&quot;},{&quot;id&quot;:3542,&quot;url&quot;:&quot;https:\\\/\\\/www.clinicaarrabal.com\\\/wp-content\\\/uploads\\\/2020\\\/10\\\/RPG_0006-scaled.jpg&quot;},{&quot;id&quot;:3545,&quot;url&quot;:&quot;https:\\\/\\\/www.clinicaarrabal.com\\\/wp-content\\\/uploads\\\/2020\\\/10\\\/IMG_5245-scaled.jpg&quot;},{&quot;id&quot;:3546,&quot;url&quot;:&quot;https:\\\/\\\/www.clinicaarrabal.com\\\/wp-content\\\/uploads\\\/2020\\\/10\\\/RPG_0011-scaled.jpg&quot;},{&quot;id&quot;:3280,&quot;url&quot;:&quot;https:\\\/\\\/www.clinicaarrabal.com\\\/wp-content\\\/uploads\\\/2018\\\/09\\\/slide_cabeceras03.jpg&quot;}],&quot;background_slideshow_loop&quot;:&quot;yes&quot;,&quot;background_slideshow_slide_duration&quot;:5000,&quot;background_slideshow_slide_transition&quot;:&quot;fade&quot;,&quot;background_slideshow_transition_duration&quot;:500}\">\n\t\t\t\t\t\t<div class=\"elementor-container elementor-column-gap-default\">\n\t\t\t\t\t<div class=\"elementor-column elementor-col-100 elementor-top-column elementor-element elementor-element-b3ac515\" data-id=\"b3ac515\" data-element_type=\"column\" data-e-type=\"column\">\n\t\t\t<div class=\"elementor-widget-wrap elementor-element-populated\">\n\t\t\t\t\t\t<div class=\"elementor-element elementor-element-c7ec85a elementor-widget elementor-widget-heading\" data-id=\"c7ec85a\" data-element_type=\"widget\" data-e-type=\"widget\" data-widget_type=\"heading.default\">\n\t\t\t\t<div class=\"elementor-widget-container\">\n\t\t\t\t\t<h2 class=\"elementor-heading-title elementor-size-default\">Nuestra Prioridad es tu Tranquilidad\n<\/h2>\t\t\t\t<\/div>\n\t\t\t\t<\/div>\n\t\t\t\t<div class=\"elementor-element elementor-element-82bf21e elementor-widget elementor-widget-text-editor\" data-id=\"82bf21e\" data-element_type=\"widget\" data-e-type=\"widget\" data-widget_type=\"text-editor.default\">\n\t\t\t\t<div class=\"elementor-widget-container\">\n\t\t\t\t\t\t\t\t\t<p><em><strong><span style=\"vertical-align: inherit;\"><span style=\"vertical-align: inherit;\">En Cl\u00ednicas Arrabal podr\u00e1s sentir que est\u00e1s en un entorno seguro.<\/span><\/span><\/strong><\/em><\/p>\t\t\t\t\t\t\t\t<\/div>\n\t\t\t\t<\/div>\n\t\t\t\t\t<\/div>\n\t\t<\/div>\n\t\t\t\t\t<\/div>\n\t\t<\/section>\n\t\t\t\t<section class=\"elementor-section elementor-top-section elementor-element elementor-element-646de0f elementor-section-height-min-height elementor-section-content-middle elementor-section-boxed elementor-section-height-default elementor-section-items-middle\" data-id=\"646de0f\" data-element_type=\"section\" data-e-type=\"section\">\n\t\t\t\t\t\t<div class=\"elementor-container elementor-column-gap-default\">\n\t\t\t\t\t<div class=\"elementor-column elementor-col-50 elementor-top-column elementor-element elementor-element-6832332\" data-id=\"6832332\" data-element_type=\"column\" data-e-type=\"column\" data-settings=\"{&quot;background_background&quot;:&quot;gradient&quot;}\">\n\t\t\t<div class=\"elementor-widget-wrap elementor-element-populated\">\n\t\t\t\t\t\t<div class=\"elementor-element elementor-element-1a8a8a2 elementor-widget elementor-widget-text-editor\" data-id=\"1a8a8a2\" data-element_type=\"widget\" data-e-type=\"widget\" data-widget_type=\"text-editor.default\">\n\t\t\t\t<div class=\"elementor-widget-container\">\n\t\t\t\t\t\t\t\t\t<div class=\"grid-ibx__item grid-ibx__item--type-img text-center grid-ibx__item-0\">\n<div class=\"grid-ibx__item-inner\">\n<div class=\"grid-ibx__icon-wrp\">\n<h4 class=\"grid-ibx__title element-scheme__hdg1\"><strong><span style=\"color: #ffffff;\"><span style=\"vertical-align: inherit;\"><span style=\"vertical-align: inherit;\"><span style=\"vertical-align: inherit;\"><span style=\"vertical-align: inherit;\"><span style=\"vertical-align: inherit;\"><span style=\"vertical-align: inherit;\"><span style=\"vertical-align: inherit;\"><span style=\"vertical-align: inherit;\">CITA PREVIA<\/span><\/span><\/span><\/span><\/span><\/span><\/span><\/span><\/span><\/strong><\/h4>\n<\/div>\n<div class=\"clearfix\">\n<p class=\"grid-ibx__desc\"><span style=\"vertical-align: inherit;\"><span style=\"vertical-align: inherit;\"><span style=\"vertical-align: inherit;\"><span style=\"vertical-align: inherit;\">Solicita cita previa sin comprimiso. <\/span><\/span><\/span><span style=\"vertical-align: inherit;\"><span style=\"vertical-align: inherit;\"><span style=\"vertical-align: inherit;\">Primera visita y diagn\u00f3stico gratuito<\/span><\/span><\/span><\/span><\/p>\n<\/div>\n<\/div>\n<\/div>\t\t\t\t\t\t\t\t<\/div>\n\t\t\t\t<\/div>\n\t\t\t\t<div class=\"elementor-element elementor-element-c7eb336 elementor-align-center elementor-widget elementor-widget-button\" data-id=\"c7eb336\" data-element_type=\"widget\" data-e-type=\"widget\" data-widget_type=\"button.default\">\n\t\t\t\t<div class=\"elementor-widget-container\">\n\t\t\t\t\t\t\t\t\t<div class=\"elementor-button-wrapper\">\n\t\t\t\t\t<a class=\"elementor-button elementor-button-link elementor-size-sm elementor-animation-shrink\" href=\"#\">\n\t\t\t\t\t\t<span class=\"elementor-button-content-wrapper\">\n\t\t\t\t\t\t<span class=\"elementor-button-icon\">\n\t\t\t\t<i aria-hidden=\"true\" class=\"fas fa-phone-alt\"><\/i>\t\t\t<\/span>\n\t\t\t\t\t\t\t\t\t<span class=\"elementor-button-text\">Solicita<\/span>\n\t\t\t\t\t<\/span>\n\t\t\t\t\t<\/a>\n\t\t\t\t<\/div>\n\t\t\t\t\t\t\t\t<\/div>\n\t\t\t\t<\/div>\n\t\t\t\t\t<\/div>\n\t\t<\/div>\n\t\t\t\t<div class=\"elementor-column elementor-col-50 elementor-top-column elementor-element elementor-element-b56e6cd\" data-id=\"b56e6cd\" data-element_type=\"column\" data-e-type=\"column\" data-settings=\"{&quot;background_background&quot;:&quot;gradient&quot;}\">\n\t\t\t<div class=\"elementor-widget-wrap elementor-element-populated\">\n\t\t\t\t\t\t<div class=\"elementor-element elementor-element-6caf563 elementor-widget elementor-widget-text-editor\" data-id=\"6caf563\" data-element_type=\"widget\" data-e-type=\"widget\" data-widget_type=\"text-editor.default\">\n\t\t\t\t<div class=\"elementor-widget-container\">\n\t\t\t\t\t\t\t\t\t<div class=\"grid-ibx__item  grid-ibx__item--type-img text-center grid-ibx__item-0\">\n<div class=\"grid-ibx__item-inner\">\n<div class=\"grid-ibx__title-wrp\">\n<h4 class=\"grid-ibx__title element-scheme__hdg1\"><strong><span style=\"color: #ffffff;\"><span style=\"vertical-align: inherit;\"><span style=\"vertical-align: inherit;\">TRATAMIENTOS<\/span><\/span><\/span><\/strong><\/h4>\n<\/div>\n<div class=\"clearfix\">\n<p class=\"grid-ibx__desc\">Descubre todo lo que podemos hacer por ti,\u00a0por tus dientes y tu salud bucal<\/p>\n<\/div>\n<\/div>\n<\/div>\t\t\t\t\t\t\t\t<\/div>\n\t\t\t\t<\/div>\n\t\t\t\t<div class=\"elementor-element elementor-element-b71b72d elementor-align-center elementor-widget elementor-widget-button\" data-id=\"b71b72d\" data-element_type=\"widget\" data-e-type=\"widget\" data-widget_type=\"button.default\">\n\t\t\t\t<div class=\"elementor-widget-container\">\n\t\t\t\t\t\t\t\t\t<div class=\"elementor-button-wrapper\">\n\t\t\t\t\t<a class=\"elementor-button elementor-button-link elementor-size-sm elementor-animation-shrink\" href=\"#\">\n\t\t\t\t\t\t<span class=\"elementor-button-content-wrapper\">\n\t\t\t\t\t\t<span class=\"elementor-button-icon\">\n\t\t\t\t<i aria-hidden=\"true\" class=\"far fa-list-alt\"><\/i>\t\t\t<\/span>\n\t\t\t\t\t\t\t\t\t<span class=\"elementor-button-text\">Ver Tratamientos<\/span>\n\t\t\t\t\t<\/span>\n\t\t\t\t\t<\/a>\n\t\t\t\t<\/div>\n\t\t\t\t\t\t\t\t<\/div>\n\t\t\t\t<\/div>\n\t\t\t\t\t<\/div>\n\t\t<\/div>\n\t\t\t\t\t<\/div>\n\t\t<\/section>\n\t\t\t\t<\/div>\n\t\t","protected":false},"excerpt":{"rendered":"<p>Nuestra Prioridad es tu Tranquilidad En Cl\u00ednicas Arrabal podr\u00e1s sentir que est\u00e1s en un entorno seguro. CITA PREVIA Solicita cita previa sin comprimiso. Primera visita y diagn\u00f3stico gratuito Solicita TRATAMIENTOS Descubre todo lo que podemos hacer por ti,\u00a0por tus dientes y tu salud bucal Ver Tratamientos<\/p>","protected":false},"author":2,"featured_media":0,"parent":0,"menu_order":0,"comment_status":"closed","ping_status":"closed","template":"","meta":{"_joinchat":[],"footnotes":""},"class_list":["post-3612","page","type-page","status-publish","hentry"],"_links":{"self":[{"href":"https:\/\/www.clinicaarrabal.com\/en\/wp-json\/wp\/v2\/pages\/3612","targetHints":{"allow":["GET"]}}],"collection":[{"href":"https:\/\/www.clinicaarrabal.com\/en\/wp-json\/wp\/v2\/pages"}],"about":[{"href":"https:\/\/www.clinicaarrabal.com\/en\/wp-json\/wp\/v2\/types\/page"}],"author":[{"embeddable":true,"href":"https:\/\/www.clinicaarrabal.com\/en\/wp-json\/wp\/v2\/users\/2"}],"replies":[{"embeddable":true,"href":"https:\/\/www.clinicaarrabal.com\/en\/wp-json\/wp\/v2\/comments?post=3612"}],"version-history":[{"count":3,"href":"https:\/\/www.clinicaarrabal.com\/en\/wp-json\/wp\/v2\/pages\/3612\/revisions"}],"predecessor-version":[{"id":3959,"href":"https:\/\/www.clinicaarrabal.com\/en\/wp-json\/wp\/v2\/pages\/3612\/revisions\/3959"}],"wp:attachment":[{"href":"https:\/\/www.clinicaarrabal.com\/en\/wp-json\/wp\/v2\/media?parent=3612"}],"curies":[{"name":"wp","href":"https:\/\/api.w.org\/{rel}","templated":true}]}}