{"id":3614,"date":"2020-10-28T09:31:16","date_gmt":"2020-10-28T09:31:16","guid":{"rendered":"https:\/\/www.clinicaarrabal.com\/?page_id=3614"},"modified":"2020-11-19T11:35:55","modified_gmt":"2020-11-19T11:35:55","slug":"mision-vision-y-valores","status":"publish","type":"page","link":"https:\/\/www.clinicaarrabal.com\/en\/clinicas\/mision-vision-y-valores\/","title":{"rendered":"MISI\u00d3N, VISI\u00d3N Y VALORES"},"content":{"rendered":"\t\t<div data-elementor-type=\"wp-page\" data-elementor-id=\"3614\" class=\"elementor elementor-3614\" data-elementor-post-type=\"page\">\n\t\t\t\t\t\t<section class=\"elementor-section elementor-top-section elementor-element elementor-element-ebda488 elementor-section-height-min-height elementor-section-items-bottom elementor-section-boxed elementor-section-height-default\" data-id=\"ebda488\" data-element_type=\"section\" data-e-type=\"section\" data-settings=\"{&quot;background_background&quot;:&quot;slideshow&quot;,&quot;background_slideshow_gallery&quot;:[{&quot;id&quot;:3967,&quot;url&quot;:&quot;https:\\\/\\\/www.clinicaarrabal.com\\\/wp-content\\\/uploads\\\/2020\\\/11\\\/VFDSCX.jpg&quot;}],&quot;background_slideshow_loop&quot;:&quot;yes&quot;,&quot;background_slideshow_slide_duration&quot;:5000,&quot;background_slideshow_slide_transition&quot;:&quot;fade&quot;,&quot;background_slideshow_transition_duration&quot;:500}\">\n\t\t\t\t\t\t<div class=\"elementor-container elementor-column-gap-default\">\n\t\t\t\t\t<div class=\"elementor-column elementor-col-100 elementor-top-column elementor-element elementor-element-7c67af7\" data-id=\"7c67af7\" data-element_type=\"column\" data-e-type=\"column\">\n\t\t\t<div class=\"elementor-widget-wrap elementor-element-populated\">\n\t\t\t\t\t\t<div class=\"elementor-element elementor-element-ab4ae67 elementor-widget elementor-widget-heading\" data-id=\"ab4ae67\" data-element_type=\"widget\" data-e-type=\"widget\" data-widget_type=\"heading.default\">\n\t\t\t\t<div class=\"elementor-widget-container\">\n\t\t\t\t\t<h2 class=\"elementor-heading-title elementor-size-default\">MISI\u00d3N, VISI\u00d3N, VALORES<\/h2>\t\t\t\t<\/div>\n\t\t\t\t<\/div>\n\t\t\t\t\t<\/div>\n\t\t<\/div>\n\t\t\t\t\t<\/div>\n\t\t<\/section>\n\t\t\t\t<section class=\"elementor-section elementor-top-section elementor-element elementor-element-2f335fd elementor-section-boxed elementor-section-height-default elementor-section-height-default\" data-id=\"2f335fd\" data-element_type=\"section\" data-e-type=\"section\">\n\t\t\t\t\t\t<div class=\"elementor-container elementor-column-gap-default\">\n\t\t\t\t\t<div class=\"elementor-column elementor-col-66 elementor-top-column elementor-element elementor-element-57268a1\" data-id=\"57268a1\" data-element_type=\"column\" data-e-type=\"column\">\n\t\t\t<div class=\"elementor-widget-wrap elementor-element-populated\">\n\t\t\t\t\t\t<div class=\"elementor-element elementor-element-b1c6f99 elementor-widget elementor-widget-spacer\" data-id=\"b1c6f99\" data-element_type=\"widget\" data-e-type=\"widget\" data-widget_type=\"spacer.default\">\n\t\t\t\t<div class=\"elementor-widget-container\">\n\t\t\t\t\t\t\t<div class=\"elementor-spacer\">\n\t\t\t<div class=\"elementor-spacer-inner\"><\/div>\n\t\t<\/div>\n\t\t\t\t\t\t<\/div>\n\t\t\t\t<\/div>\n\t\t\t\t<div class=\"elementor-element elementor-element-e8c6901 elementor-widget elementor-widget-heading\" data-id=\"e8c6901\" data-element_type=\"widget\" data-e-type=\"widget\" data-widget_type=\"heading.default\">\n\t\t\t\t<div class=\"elementor-widget-container\">\n\t\t\t\t\t<h2 class=\"elementor-heading-title elementor-size-default\">MISI\u00d3N<\/h2>\t\t\t\t<\/div>\n\t\t\t\t<\/div>\n\t\t\t\t<section class=\"elementor-section elementor-inner-section elementor-element elementor-element-3e845ac elementor-section-boxed elementor-section-height-default elementor-section-height-default\" data-id=\"3e845ac\" data-element_type=\"section\" data-e-type=\"section\">\n\t\t\t\t\t\t<div class=\"elementor-container elementor-column-gap-default\">\n\t\t\t\t\t<div class=\"elementor-column elementor-col-50 elementor-inner-column elementor-element elementor-element-aa1edaf\" data-id=\"aa1edaf\" data-element_type=\"column\" data-e-type=\"column\">\n\t\t\t<div class=\"elementor-widget-wrap elementor-element-populated\">\n\t\t\t\t\t\t<div class=\"elementor-element elementor-element-668ca1e elementor-widget elementor-widget-text-editor\" data-id=\"668ca1e\" data-element_type=\"widget\" data-e-type=\"widget\" data-widget_type=\"text-editor.default\">\n\t\t\t\t<div class=\"elementor-widget-container\">\n\t\t\t\t\t\t\t\t\t<div class=\"template-page content  av-content-small alpha units\">\n<div class=\"post-entry post-entry-type-page post-entry-671\">\n<div class=\"entry-content-wrapper clearfix\">\n<section class=\"av_textblock_section \">\n<div class=\"avia_textblock  \">\n<p>La misi\u00f3n principal de Cl\u00ednicas Arrabal es implantar y desarrollar un nuevo concepto de <strong>odontolog\u00eda multidisciplinar<\/strong>, capaz de ofertar y realizar todo tipo de tratamientos dentales.<\/p>\n<p>Nos avalan 30 a\u00f1os de experiencia, personal m\u00e9dico altamente formado y las t\u00e9cnicas m\u00e1s innovadoras para solucionar todos los problemas bucodentales de nuestros pacientes.<\/p>\n<p>Tenemos el objetivo de concienciar a la sociedad de la importancia y necesidad de cuidar la salud bucodental, a trav\u00e9s del seguimiento y la prevenci\u00f3n.<\/p>\n<p>En Cl\u00ednicas Arrabal, estamos a la vanguardia en investigaci\u00f3n y desarrollo de nuevas t\u00e9cnicas y materiales que permitan dar soluciones a todos los tratamientos que realizamos.<\/p>\n<\/div>\n<\/section>\n<\/div>\n<\/div>\n<\/div>\t\t\t\t\t\t\t\t<\/div>\n\t\t\t\t<\/div>\n\t\t\t\t\t<\/div>\n\t\t<\/div>\n\t\t\t\t<div class=\"elementor-column elementor-col-50 elementor-inner-column elementor-element elementor-element-ab408ac\" data-id=\"ab408ac\" data-element_type=\"column\" data-e-type=\"column\">\n\t\t\t<div class=\"elementor-widget-wrap elementor-element-populated\">\n\t\t\t\t\t\t<div class=\"elementor-element elementor-element-361cc0d elementor-widget elementor-widget-spacer\" data-id=\"361cc0d\" data-element_type=\"widget\" data-e-type=\"widget\" data-widget_type=\"spacer.default\">\n\t\t\t\t<div class=\"elementor-widget-container\">\n\t\t\t\t\t\t\t<div class=\"elementor-spacer\">\n\t\t\t<div class=\"elementor-spacer-inner\"><\/div>\n\t\t<\/div>\n\t\t\t\t\t\t<\/div>\n\t\t\t\t<\/div>\n\t\t\t\t<div class=\"elementor-element elementor-element-669d995 elementor-widget elementor-widget-image\" data-id=\"669d995\" data-element_type=\"widget\" data-e-type=\"widget\" data-widget_type=\"image.default\">\n\t\t\t\t<div class=\"elementor-widget-container\">\n\t\t\t\t\t\t\t\t\t\t\t\t\t\t\t<img fetchpriority=\"high\" decoding=\"async\" width=\"614\" height=\"438\" src=\"https:\/\/www.clinicaarrabal.com\/wp-content\/uploads\/2018\/07\/family_team.gif\" class=\"attachment-large size-large wp-image-3155\" alt=\"\" \/>\t\t\t\t\t\t\t\t\t\t\t\t\t\t\t<\/div>\n\t\t\t\t<\/div>\n\t\t\t\t\t<\/div>\n\t\t<\/div>\n\t\t\t\t\t<\/div>\n\t\t<\/section>\n\t\t\t\t<div class=\"elementor-element elementor-element-b5f01ef elementor-widget elementor-widget-spacer\" data-id=\"b5f01ef\" data-element_type=\"widget\" data-e-type=\"widget\" data-widget_type=\"spacer.default\">\n\t\t\t\t<div class=\"elementor-widget-container\">\n\t\t\t\t\t\t\t<div class=\"elementor-spacer\">\n\t\t\t<div class=\"elementor-spacer-inner\"><\/div>\n\t\t<\/div>\n\t\t\t\t\t\t<\/div>\n\t\t\t\t<\/div>\n\t\t\t\t<div class=\"elementor-element elementor-element-ef47c23 elementor-widget elementor-widget-heading\" data-id=\"ef47c23\" data-element_type=\"widget\" data-e-type=\"widget\" data-widget_type=\"heading.default\">\n\t\t\t\t<div class=\"elementor-widget-container\">\n\t\t\t\t\t<h2 class=\"elementor-heading-title elementor-size-default\">VISI\u00d3N<\/h2>\t\t\t\t<\/div>\n\t\t\t\t<\/div>\n\t\t\t\t<section class=\"elementor-section elementor-inner-section elementor-element elementor-element-1b531d9 elementor-section-boxed elementor-section-height-default elementor-section-height-default\" data-id=\"1b531d9\" data-element_type=\"section\" data-e-type=\"section\">\n\t\t\t\t\t\t<div class=\"elementor-container elementor-column-gap-default\">\n\t\t\t\t\t<div class=\"elementor-column elementor-col-50 elementor-inner-column elementor-element elementor-element-9e92e26\" data-id=\"9e92e26\" data-element_type=\"column\" data-e-type=\"column\">\n\t\t\t<div class=\"elementor-widget-wrap elementor-element-populated\">\n\t\t\t\t\t\t<div class=\"elementor-element elementor-element-29fa695 elementor-widget elementor-widget-image\" data-id=\"29fa695\" data-element_type=\"widget\" data-e-type=\"widget\" data-widget_type=\"image.default\">\n\t\t\t\t<div class=\"elementor-widget-container\">\n\t\t\t\t\t\t\t\t\t\t\t\t\t\t\t<img decoding=\"async\" width=\"1020\" height=\"783\" src=\"https:\/\/www.clinicaarrabal.com\/wp-content\/uploads\/2020\/11\/gtedfs-1024x786.jpg\" class=\"attachment-large size-large wp-image-3947\" alt=\"\" srcset=\"https:\/\/www.clinicaarrabal.com\/wp-content\/uploads\/2020\/11\/gtedfs-1024x786.jpg 1024w, https:\/\/www.clinicaarrabal.com\/wp-content\/uploads\/2020\/11\/gtedfs-300x230.jpg 300w, https:\/\/www.clinicaarrabal.com\/wp-content\/uploads\/2020\/11\/gtedfs-768x590.jpg 768w, https:\/\/www.clinicaarrabal.com\/wp-content\/uploads\/2020\/11\/gtedfs-1536x1179.jpg 1536w, https:\/\/www.clinicaarrabal.com\/wp-content\/uploads\/2020\/11\/gtedfs-2048x1572.jpg 2048w, https:\/\/www.clinicaarrabal.com\/wp-content\/uploads\/2020\/11\/gtedfs-16x12.jpg 16w\" sizes=\"(max-width: 1020px) 100vw, 1020px\" \/>\t\t\t\t\t\t\t\t\t\t\t\t\t\t\t<\/div>\n\t\t\t\t<\/div>\n\t\t\t\t\t<\/div>\n\t\t<\/div>\n\t\t\t\t<div class=\"elementor-column elementor-col-50 elementor-inner-column elementor-element elementor-element-bdb9de1\" data-id=\"bdb9de1\" data-element_type=\"column\" data-e-type=\"column\">\n\t\t\t<div class=\"elementor-widget-wrap elementor-element-populated\">\n\t\t\t\t\t\t<div class=\"elementor-element elementor-element-e1bb5f3 elementor-widget elementor-widget-text-editor\" data-id=\"e1bb5f3\" data-element_type=\"widget\" data-e-type=\"widget\" data-widget_type=\"text-editor.default\">\n\t\t\t\t<div class=\"elementor-widget-container\">\n\t\t\t\t\t\t\t\t\t<div class=\"template-page content  av-content-small alpha units\">\n<div class=\"post-entry post-entry-type-page post-entry-671\">\n<div class=\"entry-content-wrapper clearfix\">\n<section class=\"av_textblock_section \">\n<div class=\"avia_textblock  \">\n<p>En <strong>Cl\u00ednicas Arrabal<\/strong> pretendemos ser un referente a seguir dentro del sector de la odontolog\u00eda, por la calidad de nuestro trabajo y por el trato humano que brindamos.<\/p>\n<p>Ofrecemos un <strong>trato preferente a nuestros pacientes<\/strong>, poniendo todo nuestro saber hacer para solucionar de la forma m\u00e1s satisfactoria tus problemas de salud dental.<\/p>\n<\/div>\n<\/section>\n<\/div>\n<\/div>\n<\/div>\t\t\t\t\t\t\t\t<\/div>\n\t\t\t\t<\/div>\n\t\t\t\t\t<\/div>\n\t\t<\/div>\n\t\t\t\t\t<\/div>\n\t\t<\/section>\n\t\t\t\t<div class=\"elementor-element elementor-element-50aca9e elementor-widget elementor-widget-spacer\" data-id=\"50aca9e\" data-element_type=\"widget\" data-e-type=\"widget\" data-widget_type=\"spacer.default\">\n\t\t\t\t<div class=\"elementor-widget-container\">\n\t\t\t\t\t\t\t<div class=\"elementor-spacer\">\n\t\t\t<div class=\"elementor-spacer-inner\"><\/div>\n\t\t<\/div>\n\t\t\t\t\t\t<\/div>\n\t\t\t\t<\/div>\n\t\t\t\t<div class=\"elementor-element elementor-element-829f281 elementor-widget elementor-widget-heading\" data-id=\"829f281\" data-element_type=\"widget\" data-e-type=\"widget\" data-widget_type=\"heading.default\">\n\t\t\t\t<div class=\"elementor-widget-container\">\n\t\t\t\t\t<h2 class=\"elementor-heading-title elementor-size-default\">VALORES<\/h2>\t\t\t\t<\/div>\n\t\t\t\t<\/div>\n\t\t\t\t<section class=\"elementor-section elementor-inner-section elementor-element elementor-element-6c740e3 elementor-section-boxed elementor-section-height-default elementor-section-height-default\" data-id=\"6c740e3\" data-element_type=\"section\" data-e-type=\"section\">\n\t\t\t\t\t\t<div class=\"elementor-container elementor-column-gap-default\">\n\t\t\t\t\t<div class=\"elementor-column elementor-col-50 elementor-inner-column elementor-element elementor-element-7b3d537\" data-id=\"7b3d537\" data-element_type=\"column\" data-e-type=\"column\">\n\t\t\t<div class=\"elementor-widget-wrap elementor-element-populated\">\n\t\t\t\t\t\t<div class=\"elementor-element elementor-element-1507ba0 elementor-widget elementor-widget-text-editor\" data-id=\"1507ba0\" data-element_type=\"widget\" data-e-type=\"widget\" data-widget_type=\"text-editor.default\">\n\t\t\t\t<div class=\"elementor-widget-container\">\n\t\t\t\t\t\t\t\t\t<div class=\"template-page content  av-content-small alpha units\">\n<div class=\"post-entry post-entry-type-page post-entry-671\">\n<div class=\"entry-content-wrapper clearfix\">\n<section class=\"av_textblock_section \">\n<div class=\"avia_textblock  \">\n<p><strong>Los valores que Cl\u00ednicas Arrabal<\/strong> promueve entre sus pacientes y empleados se pueden resumir en la b\u00fasqueda continua de resultados que satisfagan a todos los miembros de nuestra organizaci\u00f3n, siempre teniendo en cuenta a nuestros pacientes.<\/p>\n<p>Reconociendo como miembros a todos los colaboradores, empleados, proveedores, etc., que mes a mes colaboran o desarrollan su labor profesional en nuestro centro.<\/p>\n<p>Cl\u00ednicas Arrabal, pretende promover la cultura de la salud bucodental, ense\u00f1ando y orientando a la sociedad hacia un mejor cuidado de nuestra boca.<\/p>\n<\/div>\n<\/section>\n<\/div>\n<\/div>\n<\/div>\t\t\t\t\t\t\t\t<\/div>\n\t\t\t\t<\/div>\n\t\t\t\t\t<\/div>\n\t\t<\/div>\n\t\t\t\t<div class=\"elementor-column elementor-col-50 elementor-inner-column elementor-element elementor-element-9b0cf5e\" data-id=\"9b0cf5e\" data-element_type=\"column\" data-e-type=\"column\">\n\t\t\t<div class=\"elementor-widget-wrap elementor-element-populated\">\n\t\t\t\t\t\t<div class=\"elementor-element elementor-element-be57626 elementor-widget elementor-widget-image\" data-id=\"be57626\" data-element_type=\"widget\" data-e-type=\"widget\" data-widget_type=\"image.default\">\n\t\t\t\t<div class=\"elementor-widget-container\">\n\t\t\t\t\t\t\t\t\t\t\t\t\t\t\t<img decoding=\"async\" width=\"709\" height=\"709\" src=\"https:\/\/www.clinicaarrabal.com\/wp-content\/uploads\/2020\/11\/htgfd.jpg\" class=\"attachment-large size-large wp-image-4059\" alt=\"\" srcset=\"https:\/\/www.clinicaarrabal.com\/wp-content\/uploads\/2020\/11\/htgfd.jpg 709w, https:\/\/www.clinicaarrabal.com\/wp-content\/uploads\/2020\/11\/htgfd-300x300.jpg 300w, https:\/\/www.clinicaarrabal.com\/wp-content\/uploads\/2020\/11\/htgfd-150x150.jpg 150w, https:\/\/www.clinicaarrabal.com\/wp-content\/uploads\/2020\/11\/htgfd-12x12.jpg 12w\" sizes=\"(max-width: 709px) 100vw, 709px\" \/>\t\t\t\t\t\t\t\t\t\t\t\t\t\t\t<\/div>\n\t\t\t\t<\/div>\n\t\t\t\t\t<\/div>\n\t\t<\/div>\n\t\t\t\t\t<\/div>\n\t\t<\/section>\n\t\t\t\t\t<\/div>\n\t\t<\/div>\n\t\t\t\t<div class=\"elementor-column elementor-col-33 elementor-top-column elementor-element elementor-element-90f454c\" data-id=\"90f454c\" data-element_type=\"column\" data-e-type=\"column\">\n\t\t\t<div class=\"elementor-widget-wrap elementor-element-populated\">\n\t\t\t\t\t\t<div class=\"elementor-element elementor-element-5fa178b elementor-widget elementor-widget-spacer\" data-id=\"5fa178b\" data-element_type=\"widget\" data-e-type=\"widget\" data-widget_type=\"spacer.default\">\n\t\t\t\t<div class=\"elementor-widget-container\">\n\t\t\t\t\t\t\t<div class=\"elementor-spacer\">\n\t\t\t<div class=\"elementor-spacer-inner\"><\/div>\n\t\t<\/div>\n\t\t\t\t\t\t<\/div>\n\t\t\t\t<\/div>\n\t\t\t\t<div class=\"elementor-element elementor-element-26eabdd elementor-widget elementor-widget-heading\" data-id=\"26eabdd\" data-element_type=\"widget\" data-e-type=\"widget\" data-widget_type=\"heading.default\">\n\t\t\t\t<div class=\"elementor-widget-container\">\n\t\t\t\t\t<h2 class=\"elementor-heading-title elementor-size-default\">TRATAMIENTOS<\/h2>\t\t\t\t<\/div>\n\t\t\t\t<\/div>\n\t\t\t\t<div class=\"elementor-element elementor-element-8db3a1e elementor-icon-list--layout-traditional elementor-list-item-link-full_width elementor-widget elementor-widget-icon-list\" data-id=\"8db3a1e\" data-element_type=\"widget\" data-e-type=\"widget\" data-widget_type=\"icon-list.default\">\n\t\t\t\t<div class=\"elementor-widget-container\">\n\t\t\t\t\t\t\t<ul class=\"elementor-icon-list-items\">\n\t\t\t\t\t\t\t<li class=\"elementor-icon-list-item\">\n\t\t\t\t\t\t\t\t\t\t\t<a href=\"\/tratamientos\/implantes\/\">\n\n\t\t\t\t\t\t\t\t\t\t\t\t<span class=\"elementor-icon-list-icon\">\n\t\t\t\t\t\t\t<i aria-hidden=\"true\" class=\"fas fa-circle\"><\/i>\t\t\t\t\t\t<\/span>\n\t\t\t\t\t\t\t\t\t\t<span class=\"elementor-icon-list-text\">IMPLANTES<\/span>\n\t\t\t\t\t\t\t\t\t\t\t<\/a>\n\t\t\t\t\t\t\t\t\t<\/li>\n\t\t\t\t\t\t\t\t<li class=\"elementor-icon-list-item\">\n\t\t\t\t\t\t\t\t\t\t\t<a href=\"\/tratamientos\/ortodoncia-estetica\/\">\n\n\t\t\t\t\t\t\t\t\t\t\t\t<span class=\"elementor-icon-list-icon\">\n\t\t\t\t\t\t\t<i aria-hidden=\"true\" class=\"fas fa-circle\"><\/i>\t\t\t\t\t\t<\/span>\n\t\t\t\t\t\t\t\t\t\t<span class=\"elementor-icon-list-text\">INVISALING<\/span>\n\t\t\t\t\t\t\t\t\t\t\t<\/a>\n\t\t\t\t\t\t\t\t\t<\/li>\n\t\t\t\t\t\t\t\t<li class=\"elementor-icon-list-item\">\n\t\t\t\t\t\t\t\t\t\t\t<a href=\"\/tratamientos\/ortodoncia\/\">\n\n\t\t\t\t\t\t\t\t\t\t\t\t<span class=\"elementor-icon-list-icon\">\n\t\t\t\t\t\t\t<i aria-hidden=\"true\" class=\"fas fa-circle\"><\/i>\t\t\t\t\t\t<\/span>\n\t\t\t\t\t\t\t\t\t\t<span class=\"elementor-icon-list-text\">ORTODONCIA<\/span>\n\t\t\t\t\t\t\t\t\t\t\t<\/a>\n\t\t\t\t\t\t\t\t\t<\/li>\n\t\t\t\t\t\t\t\t<li class=\"elementor-icon-list-item\">\n\t\t\t\t\t\t\t\t\t\t\t<a href=\"\/tratamientos\/periodoncia\/\">\n\n\t\t\t\t\t\t\t\t\t\t\t\t<span class=\"elementor-icon-list-icon\">\n\t\t\t\t\t\t\t<i aria-hidden=\"true\" class=\"fas fa-circle\"><\/i>\t\t\t\t\t\t<\/span>\n\t\t\t\t\t\t\t\t\t\t<span class=\"elementor-icon-list-text\">PERIODONCIA<\/span>\n\t\t\t\t\t\t\t\t\t\t\t<\/a>\n\t\t\t\t\t\t\t\t\t<\/li>\n\t\t\t\t\t\t\t\t<li class=\"elementor-icon-list-item\">\n\t\t\t\t\t\t\t\t\t\t\t<a href=\"\/tratamientos\/cirugia-bucal\/\">\n\n\t\t\t\t\t\t\t\t\t\t\t\t<span class=\"elementor-icon-list-icon\">\n\t\t\t\t\t\t\t<i aria-hidden=\"true\" class=\"fas fa-circle\"><\/i>\t\t\t\t\t\t<\/span>\n\t\t\t\t\t\t\t\t\t\t<span class=\"elementor-icon-list-text\">CIRUG\u00cdA BUCAL<\/span>\n\t\t\t\t\t\t\t\t\t\t\t<\/a>\n\t\t\t\t\t\t\t\t\t<\/li>\n\t\t\t\t\t\t\t\t<li class=\"elementor-icon-list-item\">\n\t\t\t\t\t\t\t\t\t\t\t<a href=\"\/tratamientos\/revisiones\/\">\n\n\t\t\t\t\t\t\t\t\t\t\t\t<span class=\"elementor-icon-list-icon\">\n\t\t\t\t\t\t\t<i aria-hidden=\"true\" class=\"fas fa-circle\"><\/i>\t\t\t\t\t\t<\/span>\n\t\t\t\t\t\t\t\t\t\t<span class=\"elementor-icon-list-text\">REVISIONES<\/span>\n\t\t\t\t\t\t\t\t\t\t\t<\/a>\n\t\t\t\t\t\t\t\t\t<\/li>\n\t\t\t\t\t\t\t\t<li class=\"elementor-icon-list-item\">\n\t\t\t\t\t\t\t\t\t\t\t<a href=\"\/tratamientos\/cirugia-infantil\/\">\n\n\t\t\t\t\t\t\t\t\t\t\t\t<span class=\"elementor-icon-list-icon\">\n\t\t\t\t\t\t\t<i aria-hidden=\"true\" class=\"fas fa-circle\"><\/i>\t\t\t\t\t\t<\/span>\n\t\t\t\t\t\t\t\t\t\t<span class=\"elementor-icon-list-text\">CIRUG\u00cdA INFANTIL<\/span>\n\t\t\t\t\t\t\t\t\t\t\t<\/a>\n\t\t\t\t\t\t\t\t\t<\/li>\n\t\t\t\t\t\t\t\t<li class=\"elementor-icon-list-item\">\n\t\t\t\t\t\t\t\t\t\t\t<a href=\"\/tratamientos\/blanqueamientos\/\">\n\n\t\t\t\t\t\t\t\t\t\t\t\t<span class=\"elementor-icon-list-icon\">\n\t\t\t\t\t\t\t<i aria-hidden=\"true\" class=\"fas fa-circle\"><\/i>\t\t\t\t\t\t<\/span>\n\t\t\t\t\t\t\t\t\t\t<span class=\"elementor-icon-list-text\">BLANQUEAMIENTOS<\/span>\n\t\t\t\t\t\t\t\t\t\t\t<\/a>\n\t\t\t\t\t\t\t\t\t<\/li>\n\t\t\t\t\t\t\t\t<li class=\"elementor-icon-list-item\">\n\t\t\t\t\t\t\t\t\t\t\t<a href=\"\/tratamientos\/carillas-de-porcelana\/\">\n\n\t\t\t\t\t\t\t\t\t\t\t\t<span class=\"elementor-icon-list-icon\">\n\t\t\t\t\t\t\t<i aria-hidden=\"true\" class=\"fas fa-circle\"><\/i>\t\t\t\t\t\t<\/span>\n\t\t\t\t\t\t\t\t\t\t<span class=\"elementor-icon-list-text\">CARILLAS DE PORCELANA<\/span>\n\t\t\t\t\t\t\t\t\t\t\t<\/a>\n\t\t\t\t\t\t\t\t\t<\/li>\n\t\t\t\t\t\t\t\t<li class=\"elementor-icon-list-item\">\n\t\t\t\t\t\t\t\t\t\t\t<a href=\"\/tratamientos\/higiene-dental\/\">\n\n\t\t\t\t\t\t\t\t\t\t\t\t<span class=\"elementor-icon-list-icon\">\n\t\t\t\t\t\t\t<i aria-hidden=\"true\" class=\"fas fa-circle\"><\/i>\t\t\t\t\t\t<\/span>\n\t\t\t\t\t\t\t\t\t\t<span class=\"elementor-icon-list-text\">HIGIENE DENTAL<\/span>\n\t\t\t\t\t\t\t\t\t\t\t<\/a>\n\t\t\t\t\t\t\t\t\t<\/li>\n\t\t\t\t\t\t\t\t<li class=\"elementor-icon-list-item\">\n\t\t\t\t\t\t\t\t\t\t\t<a href=\"\/tratamientos\/acido-hialuronico\/\">\n\n\t\t\t\t\t\t\t\t\t\t\t\t<span class=\"elementor-icon-list-icon\">\n\t\t\t\t\t\t\t<i aria-hidden=\"true\" class=\"fas fa-circle\"><\/i>\t\t\t\t\t\t<\/span>\n\t\t\t\t\t\t\t\t\t\t<span class=\"elementor-icon-list-text\">\u00c1CIDO HIALUR\u00d3NICO<\/span>\n\t\t\t\t\t\t\t\t\t\t\t<\/a>\n\t\t\t\t\t\t\t\t\t<\/li>\n\t\t\t\t\t\t<\/ul>\n\t\t\t\t\t\t<\/div>\n\t\t\t\t<\/div>\n\t\t\t\t<div class=\"elementor-element elementor-element-da5fbee elementor-widget elementor-widget-sidebar\" data-id=\"da5fbee\" data-element_type=\"widget\" data-e-type=\"widget\" data-widget_type=\"sidebar.default\">\n\t\t\t\t<div class=\"elementor-widget-container\">\n\t\t\t\t\t\t\t<div id=\"flatsome_recent_posts-7\" class=\"col pb-0 widget flatsome_recent_posts\">\t\t<span class=\"widget-title\">\u00daltimas entradas en nuestro blog<\/span><div class=\"is-divider small\"><\/div>\t\t<ul>\t\t\n\t\t\n\t\t<li class=\"recent-blog-posts-li\">\n\t\t\t<div class=\"flex-row recent-blog-posts align-top pt-half pb-half\">\n\t\t\t\t<div class=\"flex-col mr-half\">\n\t\t\t\t\t<div class=\"badge post-date  badge-outline\">\n\t\t\t\t\t\t\t<div class=\"badge-inner bg-fill\" style=\"background: linear-gradient( rgba(0, 0, 0, 0.5), rgba(0, 0, 0, 0.2) ), url(https:\/\/www.clinicaarrabal.com\/wp-content\/uploads\/2021\/04\/f-150x150.jpg); color:#fff; text-shadow:1px 1px 0px rgba(0,0,0,.5); border:0;\">\n                                \t\t\t\t\t\t\t\t<span class=\"post-date-day\">12<\/span><br>\n\t\t\t\t\t\t\t\t<span class=\"post-date-month is-xsmall\">Apr<\/span>\n                                \t\t\t\t\t\t\t<\/div>\n\t\t\t\t\t<\/div>\n\t\t\t\t<\/div>\n\t\t\t\t<div class=\"flex-col flex-grow\">\n\t\t\t\t\t  <a href=\"https:\/\/www.clinicaarrabal.com\/en\/2021\/04\/que-es-el-bruxismo-y-como-corregirlo\/\" title=\"\u00bfQu\u00e9 es el bruxismo y c\u00f3mo corregirlo?\">\u00bfQu\u00e9 es el bruxismo y c\u00f3mo corregirlo?<\/a>\n\t\t\t\t   \t  <span class=\"post_comments op-7 block is-xsmall\"><a href=\"https:\/\/www.clinicaarrabal.com\/en\/2021\/04\/que-es-el-bruxismo-y-como-corregirlo\/#respond\"><\/a><\/span>\n\t\t\t\t<\/div>\n\t\t\t<\/div>\n\t\t<\/li>\n\t\t\n\t\t\n\t\t<li class=\"recent-blog-posts-li\">\n\t\t\t<div class=\"flex-row recent-blog-posts align-top pt-half pb-half\">\n\t\t\t\t<div class=\"flex-col mr-half\">\n\t\t\t\t\t<div class=\"badge post-date  badge-outline\">\n\t\t\t\t\t\t\t<div class=\"badge-inner bg-fill\" style=\"background: linear-gradient( rgba(0, 0, 0, 0.5), rgba(0, 0, 0, 0.2) ), url(https:\/\/www.clinicaarrabal.com\/wp-content\/uploads\/2021\/01\/JHGB-150x150.jpg); color:#fff; text-shadow:1px 1px 0px rgba(0,0,0,.5); border:0;\">\n                                \t\t\t\t\t\t\t\t<span class=\"post-date-day\">20<\/span><br>\n\t\t\t\t\t\t\t\t<span class=\"post-date-month is-xsmall\">Jan<\/span>\n                                \t\t\t\t\t\t\t<\/div>\n\t\t\t\t\t<\/div>\n\t\t\t\t<\/div>\n\t\t\t\t<div class=\"flex-col flex-grow\">\n\t\t\t\t\t  <a href=\"https:\/\/www.clinicaarrabal.com\/en\/2021\/01\/lo-que-necesitas-saber-sobre-empastes-dentales-para-tratar-la-caries\/\" title=\"Lo que necesitas saber sobre empastes dentales para tratar la caries\">Lo que necesitas saber sobre empastes dentales para tratar la caries<\/a>\n\t\t\t\t   \t  <span class=\"post_comments op-7 block is-xsmall\"><a href=\"https:\/\/www.clinicaarrabal.com\/en\/2021\/01\/lo-que-necesitas-saber-sobre-empastes-dentales-para-tratar-la-caries\/#respond\"><\/a><\/span>\n\t\t\t\t<\/div>\n\t\t\t<\/div>\n\t\t<\/li>\n\t\t\n\t\t\n\t\t<li class=\"recent-blog-posts-li\">\n\t\t\t<div class=\"flex-row recent-blog-posts align-top pt-half pb-half\">\n\t\t\t\t<div class=\"flex-col mr-half\">\n\t\t\t\t\t<div class=\"badge post-date  badge-outline\">\n\t\t\t\t\t\t\t<div class=\"badge-inner bg-fill\" style=\"background: linear-gradient( rgba(0, 0, 0, 0.5), rgba(0, 0, 0, 0.2) ), url(https:\/\/www.clinicaarrabal.com\/wp-content\/uploads\/2020\/10\/edfascx-150x150.jpg); color:#fff; text-shadow:1px 1px 0px rgba(0,0,0,.5); border:0;\">\n                                \t\t\t\t\t\t\t\t<span class=\"post-date-day\">29<\/span><br>\n\t\t\t\t\t\t\t\t<span class=\"post-date-month is-xsmall\">Oct<\/span>\n                                \t\t\t\t\t\t\t<\/div>\n\t\t\t\t\t<\/div>\n\t\t\t\t<\/div>\n\t\t\t\t<div class=\"flex-col flex-grow\">\n\t\t\t\t\t  <a href=\"https:\/\/www.clinicaarrabal.com\/en\/2020\/10\/como-cuidar-la-salud-bucodental-de-tus-hijos\/\" title=\"C\u00f3mo cuidar la salud bucodental de tus hijos\">C\u00f3mo cuidar la salud bucodental de tus hijos<\/a>\n\t\t\t\t   \t  <span class=\"post_comments op-7 block is-xsmall\"><a href=\"https:\/\/www.clinicaarrabal.com\/en\/2020\/10\/como-cuidar-la-salud-bucodental-de-tus-hijos\/#respond\"><\/a><\/span>\n\t\t\t\t<\/div>\n\t\t\t<\/div>\n\t\t<\/li>\n\t\t\t\t<\/ul>\t\t<\/div>\t\t\t\t<\/div>\n\t\t\t\t<\/div>\n\t\t\t\t\t<\/div>\n\t\t<\/div>\n\t\t\t\t\t<\/div>\n\t\t<\/section>\n\t\t\t\t<\/div>\n\t\t","protected":false},"excerpt":{"rendered":"<p>MISI\u00d3N, VISI\u00d3N, VALORES MISI\u00d3N La misi\u00f3n principal de Cl\u00ednicas Arrabal es implantar y desarrollar un nuevo concepto de odontolog\u00eda multidisciplinar, capaz de ofertar y realizar todo tipo de tratamientos dentales. Nos avalan 30 a\u00f1os de experiencia, personal m\u00e9dico altamente formado y las t\u00e9cnicas m\u00e1s innovadoras para solucionar todos los problemas bucodentales de nuestros pacientes. Tenemos&#8230;<\/p>","protected":false},"author":2,"featured_media":0,"parent":3612,"menu_order":0,"comment_status":"closed","ping_status":"closed","template":"","meta":{"_joinchat":[],"footnotes":""},"class_list":["post-3614","page","type-page","status-publish","hentry"],"_links":{"self":[{"href":"https:\/\/www.clinicaarrabal.com\/en\/wp-json\/wp\/v2\/pages\/3614","targetHints":{"allow":["GET"]}}],"collection":[{"href":"https:\/\/www.clinicaarrabal.com\/en\/wp-json\/wp\/v2\/pages"}],"about":[{"href":"https:\/\/www.clinicaarrabal.com\/en\/wp-json\/wp\/v2\/types\/page"}],"author":[{"embeddable":true,"href":"https:\/\/www.clinicaarrabal.com\/en\/wp-json\/wp\/v2\/users\/2"}],"replies":[{"embeddable":true,"href":"https:\/\/www.clinicaarrabal.com\/en\/wp-json\/wp\/v2\/comments?post=3614"}],"version-history":[{"count":11,"href":"https:\/\/www.clinicaarrabal.com\/en\/wp-json\/wp\/v2\/pages\/3614\/revisions"}],"predecessor-version":[{"id":4060,"href":"https:\/\/www.clinicaarrabal.com\/en\/wp-json\/wp\/v2\/pages\/3614\/revisions\/4060"}],"up":[{"embeddable":true,"href":"https:\/\/www.clinicaarrabal.com\/en\/wp-json\/wp\/v2\/pages\/3612"}],"wp:attachment":[{"href":"https:\/\/www.clinicaarrabal.com\/en\/wp-json\/wp\/v2\/media?parent=3614"}],"curies":[{"name":"wp","href":"https:\/\/api.w.org\/{rel}","templated":true}]}}