{"id":4092,"date":"2020-12-01T11:54:33","date_gmt":"2020-12-01T11:54:33","guid":{"rendered":"https:\/\/www.clinicaarrabal.com\/?page_id=4092"},"modified":"2020-12-01T12:51:30","modified_gmt":"2020-12-01T12:51:30","slug":"politica-de-privacidad","status":"publish","type":"page","link":"https:\/\/www.clinicaarrabal.com\/en\/politica-de-privacidad\/","title":{"rendered":"Pol\u00edtica de Privacidad"},"content":{"rendered":"<div data-elementor-type=\"wp-page\" data-elementor-id=\"4092\" class=\"elementor elementor-4092\" data-elementor-post-type=\"page\">\n\t\t\t\t\t\t<section class=\"elementor-section elementor-top-section elementor-element elementor-element-71030943 elementor-section-boxed elementor-section-height-default elementor-section-height-default\" data-id=\"71030943\" data-element_type=\"section\" data-e-type=\"section\">\n\t\t\t\t\t\t<div class=\"elementor-container elementor-column-gap-default\">\n\t\t\t\t\t<div class=\"elementor-column elementor-col-100 elementor-top-column elementor-element elementor-element-e94ee86\" data-id=\"e94ee86\" data-element_type=\"column\" data-e-type=\"column\">\n\t\t\t<div class=\"elementor-widget-wrap elementor-element-populated\">\n\t\t\t\t\t\t<div class=\"elementor-element elementor-element-1e1acf0 elementor-widget elementor-widget-heading\" data-id=\"1e1acf0\" data-element_type=\"widget\" data-e-type=\"widget\" data-widget_type=\"heading.default\">\n\t\t\t\t<div class=\"elementor-widget-container\">\n\t\t\t\t\t<h2 class=\"elementor-heading-title elementor-size-default\">Pol\u00edtica de Privacidad<\/h2>\t\t\t\t<\/div>\n\t\t\t\t<\/div>\n\t\t\t\t<div class=\"elementor-element elementor-element-3021b01e elementor-widget elementor-widget-text-editor\" data-id=\"3021b01e\" data-element_type=\"widget\" data-e-type=\"widget\" data-widget_type=\"text-editor.default\">\n\t\t\t\t<div class=\"elementor-widget-container\">\n\t\t\t\t\t\t\t\t\t\n<h5>La privacidad es de gran importancia para CENTRO DENTAL COMEDIAS 8, S.L, \u201cCLINICA ARRABAL\u201d y queremos mantener una actitud abierta y transparente al tratar sus datos personales.<\/h5>\n<h5><\/h5>\n<h5>Por lo tanto, disponemos de una pol\u00edtica que establece c\u00f3mo se tratan y protegen sus datos personales.<\/h5>\n\n<h3>\u00a0<\/h3>\n<h3><strong>\u00bfQui\u00e9n es el responsable del tratamiento de sus datos?<\/strong><\/h3>\n\n<p>CENTRO DENTAL COMEDIAS 8, S.L.<\/p>\n\n<p>CIF: B92706571<\/p>\n\n<p>Domicilio social: CALLE LAGUNA N\u00ba 2, ANTEQUERA , (MALAGA) , C.P. 29200.<\/p>\n\n<p>Correo electr\u00f3nico de contacto del Delegado de Protecci\u00f3n de Datos: <a href=\"mailto:DPD@CLINICAARRABAL.COM\">DPD@CLINICAARRABAL.COM<\/a><\/p>\n\n<h3><strong>\u00bfCon qu\u00e9 finalidad tratamos sus datos personales?<\/strong><\/h3>\n\n<p>En CENTRO DENTAL COMEDIAS 8, S.L, \u201cCLINICA ARRABAL\u201d, tratamos la informaci\u00f3n que nos facilitan las personas interesadas con el fin de realizar la gesti\u00f3n administrativa, contable y fiscal de los servicios solicitados, as\u00ed como enviar comunicaciones comerciales sobre nuestros productos y servicios, para cuyo consentimiento usted haya prestado.<\/p>\n\n<h3><strong>\u00bfPor cu\u00e1nto tiempo conservaremos sus datos?<\/strong><\/h3>\n\n<p>Los datos se conservar\u00e1n mientras se mantenga la relaci\u00f3n comercial con la cl\u00ednica, m\u00e9dico-paciente, y en su caso, durante los a\u00f1os necesarios para cumplir con las obligaciones legales que resulte de aplicaci\u00f3n.<\/p>\n\n<h3><strong>\u00bfCu\u00e1l es la legitimaci\u00f3n para el tratamiento de sus datos?<\/strong><\/h3>\n\n<p>Le indicamos la base legal para el tratamiento de sus datos:<\/p>\n\n<p><sup>\u25cf <\/sup>Ejecuci\u00f3n de un contrato: Prestaci\u00f3n de los servicios solicitados<\/p>\n\n<p><sup>\u25cf <\/sup>Consentimiento del interesado: Env\u00edo de comunicaciones comerciales.<\/p>\n\n<h3><strong>\u00bfA qu\u00e9 destinatarios se comunicar\u00e1n sus datos?<\/strong><\/h3>\n\n<p>\u00danicamente se ceder\u00e1n sus datos para dar cumplimiento a obligaciones legales.<\/p>\n\n<h3><strong>Transferencias de datos a terceros pa\u00edses<\/strong><\/h3>\n\n<p>No est\u00e1n previstas transferencias de datos a terceros pa\u00edses.<\/p>\n\n<h3><strong>\u00bfCu\u00e1les son sus derechos cuando nos facilita sus datos?<\/strong><\/h3>\n\n<p>Cualquier persona tiene derecho a obtener confirmaci\u00f3n sobre si en CENTRO DENTAL COMEDIAS 8, S.L, \u201cCLINICA ARRABAL\u201d, estamos tratando datos personales que les conciernan, o no.<\/p>\n\n<p>Las personas interesadas tienen derecho a acceder a sus datos personales, as\u00ed como a solicitar la rectificaci\u00f3n de los datos inexactos o, en su caso, solicitar su supresi\u00f3n cuando, entre otros motivos, los datos ya no sea necesarios para los fines que fueron recogidos.<\/p>\n\n<p>En determinadas circunstancias, los interesados podr\u00e1n solicitar la limitaci\u00f3n del tratamiento de sus datos, en cuyo caso \u00fanicamente los conservaremos para el ejercicio o la defensa de reclamaciones.<\/p>\n\n<p>En determinadas circunstancias y por motivos relacionados con su situaci\u00f3n particular, los interesados podr\u00e1n oponerse al tratamiento de sus datos. En este caso, CENTRO DENTAL COMEDIAS 8, S.L, \u201cCLINICA ARRABAL\u201d, \u00a0dejar\u00e1 de tratar los datos, salvo por motivos leg\u00edtimos imperiosos, o el ejercicio o la defensa de posibles reclamaciones.<\/p>\n\n<p>Podr\u00e1 ejercitar materialmente sus derechos de la siguiente forma: dirigi\u00e9ndose a la direcci\u00f3n de correo electr\u00f3nico del responsable del tratamiento rese\u00f1ado anteriormente adjuntando copia de su DNI o documento de identidad.<\/p>\n\n<p>Si ha otorgado su consentimiento para alguna finalidad concreta, tiene derecho a retirar el consentimiento otorgado en cualquier momento, sin que ello afecte a la licitud del tratamiento basado en el consentimiento previo a su retirada.<\/p>\n\n<p>En caso de que sienta vulnerados sus derechos en lo concerniente a la protecci\u00f3n de sus datos personales, especialmente cuando no haya obtenido satisfacci\u00f3n en el ejercicio de sus derechos, puede presentar una reclamaci\u00f3n ante la Autoridad de Control en materia de Protecci\u00f3n de Datos competente a trav\u00e9s de su sitio web: <a href=\"http:\/\/dabogest.grupodaboconsulting.com\/app\/webroot\/www.aepd.es\">www.aepd.es<\/a>.<\/p>\n\n<h3><strong>\u00bfC\u00f3mo hemos obtenido sus datos?<\/strong><\/h3>\n\n<p>Los datos personales que tratamos en CENTRO DENTAL COMEDIAS 8, S.L, \u201cCLINICA ARRABAL\u201d, \u00a0han sido directamente proporcionados por el interesado. Las categor\u00edas de datos que se tratan son:<\/p>\n\n<ul class=\"wp-block-list\">\n<li>Datos identificativos<\/li>\n<li>Direcciones postales y electr\u00f3nicas<\/li>\n<li>Informaci\u00f3n comercial de la cl\u00ednica<\/li>\n<\/ul>\n\t\t\t\t\t\t\t\t<\/div>\n\t\t\t\t<\/div>\n\t\t\t\t\t<\/div>\n\t\t<\/div>\n\t\t\t\t\t<\/div>\n\t\t<\/section>\n\t\t\t\t<\/div>","protected":false},"excerpt":{"rendered":"<p>Pol\u00edtica de Privacidad La privacidad es de gran importancia para CENTRO DENTAL COMEDIAS 8, S.L, \u201cCLINICA ARRABAL\u201d y queremos mantener una actitud abierta y transparente al tratar sus datos personales. Por lo tanto, disponemos de una pol\u00edtica que establece c\u00f3mo se tratan y protegen sus datos personales. &nbsp; \u00bfQui\u00e9n es el responsable del tratamiento de&#8230;<\/p>","protected":false},"author":2,"featured_media":0,"parent":0,"menu_order":0,"comment_status":"closed","ping_status":"closed","template":"","meta":{"_joinchat":[],"footnotes":""},"class_list":["post-4092","page","type-page","status-publish","hentry"],"_links":{"self":[{"href":"https:\/\/www.clinicaarrabal.com\/en\/wp-json\/wp\/v2\/pages\/4092","targetHints":{"allow":["GET"]}}],"collection":[{"href":"https:\/\/www.clinicaarrabal.com\/en\/wp-json\/wp\/v2\/pages"}],"about":[{"href":"https:\/\/www.clinicaarrabal.com\/en\/wp-json\/wp\/v2\/types\/page"}],"author":[{"embeddable":true,"href":"https:\/\/www.clinicaarrabal.com\/en\/wp-json\/wp\/v2\/users\/2"}],"replies":[{"embeddable":true,"href":"https:\/\/www.clinicaarrabal.com\/en\/wp-json\/wp\/v2\/comments?post=4092"}],"version-history":[{"count":4,"href":"https:\/\/www.clinicaarrabal.com\/en\/wp-json\/wp\/v2\/pages\/4092\/revisions"}],"predecessor-version":[{"id":4106,"href":"https:\/\/www.clinicaarrabal.com\/en\/wp-json\/wp\/v2\/pages\/4092\/revisions\/4106"}],"wp:attachment":[{"href":"https:\/\/www.clinicaarrabal.com\/en\/wp-json\/wp\/v2\/media?parent=4092"}],"curies":[{"name":"wp","href":"https:\/\/api.w.org\/{rel}","templated":true}]}}